{"id":3,"date":"2023-04-04T12:55:03","date_gmt":"2023-04-04T10:55:03","guid":{"rendered":"http:\/\/hernoult.com\/?page_id=3"},"modified":"2023-06-20T11:33:03","modified_gmt":"2023-06-20T09:33:03","slug":"politique-de-confidentialite","status":"publish","type":"page","link":"https:\/\/hernoult.com\/index.php\/politique-de-confidentialite\/","title":{"rendered":"Politique de confidentialit\u00e9"},"content":{"rendered":"\n<p><strong>Donn\u00e9es personnelles<\/strong><\/p>\n\n\n\n<p>En application de la loi RGPD du 20 mai 2018 sur la protection des donn\u00e9es personnelles, les internautes disposent d\u2019un droit d\u2019acc\u00e8s, de rectification, de modification et de suppression concernant les donn\u00e9es qui les concernent personnellement.<\/p>\n\n\n\n<p><strong>Recueil d\u2019informations<\/strong><\/p>\n\n\n\n<p>Les informations recueillies dans nos formulaire sont enregistr\u00e9es dans un fichier informatis\u00e9 par notre service administratif dans le but de pouvoir \u00e9tablir les devis et facture n\u00e9cessaires \u00e0 notre relation commerciale.<\/p>\n\n\n\n<p>Elles sont conserv\u00e9es pendant 5 ans apr\u00e8s notre dernier contact et sont destin\u00e9es \u00e0 notre service commercial sauf si :<\/p>\n\n\n\n<ul class=\"wp-block-list\">\n<li>Vous exercez votre droit de suppression des donn\u00e9es vous<br>concernant, dans les conditions d\u00e9crites ci-apr\u00e8s ;<\/li>\n\n\n\n<li>Une dur\u00e9e de conservation plus longue est autoris\u00e9e ou impos\u00e9e en<br>vertu d\u2019une obligation l\u00e9gale ou r\u00e9glementaire.<\/li>\n<\/ul>\n\n\n\n<p>Pendant cette p\u00e9riode, nous mettons en place tous moyens aptes \u00e0 assurer la confidentialit\u00e9 et la s\u00e9curit\u00e9 de vos donn\u00e9es personnelles, de mani\u00e8re \u00e0 emp\u00eacher leur endommagement, effacement ou acc\u00e8s par des tiers non autoris\u00e9s.<\/p>\n\n\n\n<p>L\u2019entreprise s\u2019engage \u00e0 ne pas vendre, louer, c\u00e9der ou donner acc\u00e8s \u00e0 des tiers aux donn\u00e9es sans consentement pr\u00e9alable du client, \u00e0 moins d\u2019y \u00eatre contraints en raison d\u2019un motif l\u00e9gitime (obligation l\u00e9gale, lutte contre la fraude ou l\u2019abus, exercice des droits de la d\u00e9fense, etc.).<\/p>\n\n\n\n<p>Conform\u00e9ment \u00e0 la loi \u00ab informatique et libert\u00e9s \u00bb du 6 janvier 1978 modifi\u00e9e et au R\u00e8glement europ\u00e9en n\u00b02016\/679\/UE du 27 avril 2016 (applicable d\u00e8s le 25 mai 2018), vous b\u00e9n\u00e9ficiez d\u2019un droit d\u2019acc\u00e8s, de rectification, de portabilit\u00e9 et d\u2019effacement de vos donn\u00e9es ou encore de limitation du traitement. Vous pouvez \u00e9galement, pour des motifs l\u00e9gitimes, vous opposer au traitement des donn\u00e9es vous concernant.<\/p>\n\n\n\n<p>Nous vous informons de l\u2019existence de la liste d\u2019opposition au d\u00e9marchage t\u00e9l\u00e9phonique \u00ab Bloctel \u00bb, sur laquelle vous pouvez vous inscrire \u00e0 l\u2019adresse : <a href=\"https:\/\/conso.bloctel.fr\/\" rel=\"noreferrer noopener\" target=\"_blank\">https:\/\/conso.bloctel.fr\/<\/a><\/p>\n\n\n\n<p><strong>Cookies<\/strong><br><em>Informations sur les cookies<\/em><br>Pour des besoins de statistiques et d\u2019affichage, le pr\u00e9sent site utilise des cookies. Il s\u2019agit de petits fichiers textes stock\u00e9s sur votre disque dur afin d\u2019enregistrer des donn\u00e9es techniques sur votre navigation. Certaines parties de ce site ne peuvent \u00eatre fonctionnelle sans l\u2019acceptation de cookies.<\/p>\n\n\n\n<p><em>Finalit\u00e9 des cookies utilis\u00e9s<\/em><br>Nous utilisons des cookies de la part des services suivants : Google Analytics. Les donn\u00e9es et statistiques que nous collectons au moyen de ces cookies sont utilis\u00e9es dans le seul et unique but d\u2019am\u00e9liorer la qualit\u00e9 de nos services.<\/p>\n\n\n\n<p><em>Google Analytics<\/em> : est utilis\u00e9 de fa\u00e7on anonyme afin d\u2019am\u00e9liorer l\u2019exp\u00e9rience utilisateur sur notre site web et vous offrir une navigation intuitive.<\/p>\n\n\n\n<p><em>Vos choix concernant les cookies<\/em><br>Vous pouvez faire le choix \u00e0 tout moment d\u2019exprimer et de modifier vos souhaits en mati\u00e8re de cookies, par les moyens d\u00e9crits ci-dessous. Vous pouvez configurer votre logiciel de navigation de mani\u00e8re \u00e0 ce que des cookies soient enregistr\u00e9s dans votre terminal ou, au contraire, qu\u2019ils soient rejet\u00e9s, soit syst\u00e9matiquement, soit selon leur \u00e9metteur. Vous pouvez \u00e9galement configurer votre logiciel de navigation de mani\u00e8re \u00e0 ce que l\u2019acceptation ou le refus des cookies vous soient propos\u00e9s<br>ponctuellement, avant qu\u2019un cookie soit susceptible d\u2019\u00eatre enregistr\u00e9 dans votre terminal. Pour plus d\u2019informations, consultez la rubrique \u201cComment exercer vos choix, selon le navigateur que vous utilisez ?\u201d<\/p>\n\n\n\n<p><em>Acceptation des cookies<\/em><br>L\u2019enregistrement d\u2019un cookie dans un terminal est subordonn\u00e9 \u00e0 la volont\u00e9 de son utilisateur, exprim\u00e9e et modifi\u00e9e \u00e0 tout moment gratuitement \u00e0 travers les choix propos\u00e9s par son logiciel de navigation. Si vous avez accept\u00e9 dans votre logiciel de navigation l\u2019enregistrement de cookies dans votre terminal, les cookies int\u00e9gr\u00e9s dans les pages et contenus que vous avez consult\u00e9s pourront \u00eatre stock\u00e9s temporairement dans un espace d\u00e9di\u00e9 de votre terminal. Ils y seront lisibles uniquement par leur \u00e9metteur.<\/p>\n\n\n\n<p><em>Refus des cookies<\/em><br>Si vous refusez l\u2019enregistrement de cookies dans votre terminal, ou si vous supprimez ceux qui y sont enregistr\u00e9s, vous pourrez \u00e9ventuellement ne plus b\u00e9n\u00e9ficier d\u2019un certain nombre de fonctionnalit\u00e9s. Tel serait \u00e9galement le cas lorsque nous -ou nos prestataires- ne pourrions pas reconna\u00eetre, \u00e0 des fins de compatibilit\u00e9 technique, le type de navigateur utilis\u00e9 par votre terminal, ses param\u00e8tres de langue et d\u2019affichage ou le pays depuis lequel votre terminal semble connect\u00e9 \u00e0 Internet. Le cas \u00e9ch\u00e9ant, nous d\u00e9clinons toute responsabilit\u00e9 pour les cons\u00e9quences li\u00e9es au fonctionnement d\u00e9grad\u00e9 de nos services r\u00e9sultant de l\u2019impossibilit\u00e9 d\u2019enregistrer ou de consulter les cookies n\u00e9cessaires \u00e0 leur fonctionnement et que vous auriez refus\u00e9s ou supprim\u00e9s.<\/p>\n\n\n\n<p><em>Comment exercer vos choix selon le navigateur que vous utilisez ?<\/em><br>Pour la gestion des cookies et de vos choix, la configuration de chaque navigateur est diff\u00e9rente. Elle est d\u00e9crite dans le menu d\u2019aide de votre navigateur, qui vous permettra de savoir de quelle mani\u00e8re modifier vos souhaits en mati\u00e8re de cookies.<\/p>\n\n\n\n<p>Nous vous invitons \u00e0 cliquer sur le nom de votre navigateur pour acc\u00e9der au menu d\u2019aide correspondant :<\/p>\n\n\n\n<ul class=\"wp-block-list\">\n<li>Pour <a href=\"http:\/\/windows.microsoft.com\/fr-fr\/windows-vista\/block-or-allow-cookies\" rel=\"noreferrer noopener\" target=\"_blank\">Internet Explorer\u2122<\/a><\/li>\n\n\n\n<li>Pour <a href=\"http:\/\/support.apple.com\/kb\/ht1677?viewlocale=fr_fr\" rel=\"noreferrer noopener\" target=\"_blank\">Safari\u2122<\/a><\/li>\n\n\n\n<li>Pour <a href=\"http:\/\/support.google.com\/chrome\/bin\/answer.py?hl=fr&amp;hlrm=en&amp;answer=95647\" rel=\"noreferrer noopener\" target=\"_blank\">Chrome\u2122<\/a><\/li>\n\n\n\n<li>Pour <a href=\"https:\/\/support.mozilla.org\/fr\/kb\/activer-desactiver-cookies-preferences\" rel=\"noreferrer noopener\" target=\"_blank\">Firefox\u2122<\/a><\/li>\n\n\n\n<li>Pour <a href=\"http:\/\/help.opera.com\/Windows\/10.20\/fr\/cookies.html\" rel=\"noreferrer noopener\" target=\"_blank\">Opera\u2122<\/a><\/li>\n<\/ul>\n\n\n\n<p>Vous pouvez \u00e9galement param\u00e9trer votre navigateur afin que celui-ci envoie un code indiquant aux sites Web que vous ne souhaitez pas \u00eatre suivis. (option \u00ab Do No Track \u00bb).<\/p>\n\n\n\n<p>Nous vous invitons \u00e0 cliquer sur le nom de votre navigateur pour acc\u00e9der au menu d\u2019aide correspondant :<\/p>\n\n\n\n<ul class=\"wp-block-list\">\n<li><a href=\"https:\/\/support.microsoft.com\/fr-fr\/help\/17288\/windows-internet-explorer-11-use-do-not-track\" rel=\"noreferrer noopener\" target=\"_blank\">Internet Explorer\u2122<\/a> ;<\/li>\n\n\n\n<li><a href=\"https:\/\/support.apple.com\/kb\/PH21416?locale=fr_FR\" rel=\"noreferrer noopener\" target=\"_blank\">Safari\u2122<\/a> ;<\/li>\n\n\n\n<li><a href=\"https:\/\/support.google.com\/chrome\/answer\/114836?\" rel=\"noreferrer noopener\" target=\"_blank\">Chrome\u2122<\/a> ;<\/li>\n\n\n\n<li><a href=\"https:\/\/support.mozilla.org\/fr\/kb\/comment-activer-option-ne-pas-pister\" rel=\"noreferrer noopener\" target=\"_blank\">Firefox\u2122<\/a> ;<\/li>\n\n\n\n<li><a href=\"http:\/\/help.opera.com\/Windows\/12.10\/en\/notrack.html\" rel=\"noreferrer noopener\" target=\"_blank\">Opera\u2122<\/a>.<\/li>\n<\/ul>\n\n\n\n<p>L\u2019adresse de notre site est\u00a0: http:\/\/hernoult.com.<\/p>\n","protected":false},"excerpt":{"rendered":"<p>Donn\u00e9es personnelles En application de la loi RGPD du 20 mai 2018 sur la protection des donn\u00e9es personnelles, les internautes disposent d\u2019un droit d\u2019acc\u00e8s, de rectification, de modification et de suppression concernant les donn\u00e9es qui les concernent personnellement. Recueil d\u2019informations Les informations recueillies dans nos formulaire sont enregistr\u00e9es dans un [&hellip;]<\/p>\n","protected":false},"author":1,"featured_media":0,"parent":0,"menu_order":0,"comment_status":"closed","ping_status":"open","template":"","meta":{"footnotes":""},"class_list":["post-3","page","type-page","status-publish","hentry"],"_links":{"self":[{"href":"https:\/\/hernoult.com\/index.php\/wp-json\/wp\/v2\/pages\/3","targetHints":{"allow":["GET"]}}],"collection":[{"href":"https:\/\/hernoult.com\/index.php\/wp-json\/wp\/v2\/pages"}],"about":[{"href":"https:\/\/hernoult.com\/index.php\/wp-json\/wp\/v2\/types\/page"}],"author":[{"embeddable":true,"href":"https:\/\/hernoult.com\/index.php\/wp-json\/wp\/v2\/users\/1"}],"replies":[{"embeddable":true,"href":"https:\/\/hernoult.com\/index.php\/wp-json\/wp\/v2\/comments?post=3"}],"version-history":[{"count":1,"href":"https:\/\/hernoult.com\/index.php\/wp-json\/wp\/v2\/pages\/3\/revisions"}],"predecessor-version":[{"id":241,"href":"https:\/\/hernoult.com\/index.php\/wp-json\/wp\/v2\/pages\/3\/revisions\/241"}],"wp:attachment":[{"href":"https:\/\/hernoult.com\/index.php\/wp-json\/wp\/v2\/media?parent=3"}],"curies":[{"name":"wp","href":"https:\/\/api.w.org\/{rel}","templated":true}]}}